{"id":3,"date":"2024-07-15T14:33:55","date_gmt":"2024-07-15T14:33:55","guid":{"rendered":"http:\/\/thewebix.ca\/?page_id=3"},"modified":"2025-09-03T16:34:10","modified_gmt":"2025-09-03T20:34:10","slug":"privacy-policy","status":"publish","type":"page","link":"https:\/\/thewebix.ca\/en\/privacy-policy\/","title":{"rendered":"The Webix Privacy Policy"},"content":{"rendered":"<h2 class=\"wp-block-heading\">Last updated:<\/h2>\n\n\n\n<p>2025-09-03<\/p>\n\n\n\n<h2 class=\"wp-block-heading\">Introduction<\/h2>\n\n\n\n<p>The Webix is committed to protecting the privacy and security of its users' personal information. This privacy policy explains how we collect, use, disclose, and protect information gathered through our website located at http:\/\/thewebix.ca\/ (the \"Site\").<\/p>\n\n\n\n<h2 class=\"wp-block-heading\">Collection of Personal Information<\/h2>\n\n\n\n<p>We collect the following information:<\/p>\n\n\n\n<ul class=\"wp-block-list\">\n<li>First name<\/li>\n\n\n\n<li>Last name<\/li>\n\n\n\n<li>Email<\/li>\n\n\n\n<li>Phone number<\/li>\n\n\n\n<li>IP adress<\/li>\n\n\n\n<li>Any other information that you choose to provide directly through the Site.<\/li>\n<\/ul>\n\n\n\n<p>All data listed above excludes text messages originating from \u00bbopt-in data and consent\u00bb; this information will not be shared with any third party, excluding text message aggregators and providers.<\/p>\n\n\n\n<p>Personal information is collected through forms and through the interactivity established between you and our Website. We also use cookies and\/or logs to gather information about you, where applicable.<\/p>\n\n\n\n<h2 class=\"wp-block-heading\">The information we collect allows us to:<\/h2>\n\n\n\n<p>Provide personalized service and improve user experience<\/p>\n\n\n\n<p>Communicate with you to provide the information or services you have requested<\/p>\n\n\n\n<p>Improve our offerings and optimize site management and performance<\/p>\n\n\n\n<h2 class=\"wp-block-heading\">Sharing of Information<\/h2>\n\n\n\n<p>We commit not to sell, trade, or transfer your personal information to third parties without your consent, except to third parties necessary to achieve the aforementioned purposes (for example, payment service providers).<\/p>\n\n\n\n<h2 class=\"wp-block-heading\">Security<\/h2>\n\n\n\n<p>The personal information we collect is kept in a secure environment. People working for us are obliged to respect the confidentiality of your information. We employ the following security measures:<\/p>\n\n\n\n<ul class=\"wp-block-list\">\n<li>SSL (Secure Sockets Layer) protocol<\/li>\n\n\n\n<li>Access management - authorized person<\/li>\n\n\n\n<li>Computer backups<\/li>\n\n\n\n<li>Firewalls<\/li>\n<\/ul>\n\n\n\n<p>We are committed to maintaining a high degree of confidentiality by incorporating the latest technological innovations that ensure the privacy of your transactions. However, as no mechanism offers maximum security, there is always a risk involved when using the Internet to transmit personal information.<\/p>\n\n\n\n<h2 class=\"wp-block-heading\">Access, Rectification, and Removal Rights<\/h2>\n\n\n\n<p>You have the right to consult, update, modify, or request the deletion of your personal information by contacting us at the following email address: info@thewebix.ca<\/p>\n\n\n\n<h2 class=\"wp-block-heading\">Changes to This Privacy Policy<\/h2>\n\n\n\n<p>This privacy policy may be updated periodically to reflect changes in our practices regarding the processing of personal information. The updated policy will be posted on the Site with the date of its last update.<\/p>\n\n\n\n<h2 class=\"wp-block-heading\">Contact<\/h2>\n\n\n\n<p>For any questions or comments regarding this policy or your personal information, please contact us at :  info@thewebix.ca<\/p>","protected":false},"excerpt":{"rendered":"<p>Last updated: 2025-09-03 Introduction The Webix is committed to protecting the privacy and security of our users\u00ab personal information. This privacy policy explains how we collect, use, disclose and protect information collected through our website accessible at the URL http:\/\/thewebix.ca\/ (the \u00bbSite\u00bb). Collection of personal information We collect the following information: All data listed above excludes text messages originating from \u00bbopt-in data and consent\"; this information will not be shared with any third party, excluding text message aggregators and providers. Personal information is collected through forms and through the interactivity established between you and our Website. We may also use cookies and\/or logs to collect information about you. The information collected enables us to: Improve our offers and optimize site management and performance Offer a personalized service and improve the user experience Communicate with you to provide the information or services you have requested Sharing of information We undertake not to sell, exchange or transfer your personal information to third parties without your consent, with the exception of third parties necessary to achieve the aforementioned purposes (for example, payment service providers). Security The personal information we collect is kept in a secure environment. People working for us are required to respect the confidentiality of your information. We use the following security measures: We are committed to maintaining a high level of confidentiality by incorporating the latest technological innovations to ensure the confidentiality of your transactions. However, since no mechanism offers maximum security, there is always a degree of risk involved when using the Internet to transmit personal information. Rights of access, rectification and withdrawal You have the right to consult, update, modify or request the deletion of your personal information by contacting us at the following address: info@thewebix.ca Changes to this privacy policy This privacy policy may be updated periodically to reflect changes in our practices regarding the processing of personal information. The new policy will be posted on the Site with the date of its last update. Contact If you have any questions or comments about this policy or your personal information, please contact us at: info@thewebix.ca<\/p>","protected":false},"author":1,"featured_media":0,"parent":0,"menu_order":0,"comment_status":"closed","ping_status":"open","template":"","meta":{"footnotes":""},"class_list":["post-3","page","type-page","status-publish","hentry"],"yoast_head":"<!-- This site is optimized with the Yoast SEO plugin v25.5 - https:\/\/yoast.com\/wordpress\/plugins\/seo\/ -->\n<title>Politique de Confidentialit\u00e9 de The Webix - Thewebix | Conception web | SEO | Marketing | Rive sud de Montr\u00e9al<\/title>\n<meta name=\"description\" content=\"TheWebix offre des services de conception de sites web professionnels, marketing digital, SEO et h\u00e9bergement. Transformez votre pr\u00e9sence en ligne avec des solutions personnalis\u00e9es et abordables. Contactez-nous d\u00e8s aujourd&#039;hui pour un devis gratuit !\" \/>\n<meta name=\"robots\" content=\"index, follow, max-snippet:-1, max-image-preview:large, max-video-preview:-1\" \/>\n<link rel=\"canonical\" href=\"https:\/\/thewebix.ca\/en\/privacy-policy\/\" \/>\n<meta property=\"og:locale\" content=\"en_US\" \/>\n<meta property=\"og:type\" content=\"article\" \/>\n<meta property=\"og:title\" content=\"Politique de Confidentialit\u00e9 de The Webix - Thewebix | Conception web | SEO | Marketing | Rive sud de Montr\u00e9al\" \/>\n<meta property=\"og:description\" content=\"TheWebix offre des services de conception de sites web professionnels, marketing digital, SEO et h\u00e9bergement. Transformez votre pr\u00e9sence en ligne avec des solutions personnalis\u00e9es et abordables. Contactez-nous d\u00e8s aujourd&#039;hui pour un devis gratuit !\" \/>\n<meta property=\"og:url\" content=\"https:\/\/thewebix.ca\/en\/privacy-policy\/\" \/>\n<meta property=\"og:site_name\" content=\"Thewebix | Conception web | SEO | Marketing | Rive sud de Montr\u00e9al\" \/>\n<meta property=\"article:publisher\" content=\"https:\/\/www.facebook.com\/p\/TheWebix-61556770168216\/\" \/>\n<meta property=\"article:modified_time\" content=\"2025-09-03T20:34:10+00:00\" \/>\n<meta property=\"og:image\" content=\"https:\/\/thewebix.ca\/wp-content\/uploads\/2025\/02\/cropped-Rond-jaune-et-bleu.png\" \/>\n\t<meta property=\"og:image:width\" content=\"512\" \/>\n\t<meta property=\"og:image:height\" content=\"512\" \/>\n\t<meta property=\"og:image:type\" content=\"image\/png\" \/>\n<meta name=\"twitter:card\" content=\"summary_large_image\" \/>\n<meta name=\"twitter:label1\" content=\"Est. reading time\" \/>\n\t<meta name=\"twitter:data1\" content=\"3 minutes\" \/>\n<script type=\"application\/ld+json\" class=\"yoast-schema-graph\">{\"@context\":\"https:\/\/schema.org\",\"@graph\":[{\"@type\":\"WebPage\",\"@id\":\"https:\/\/thewebix.ca\/privacy-policy\/\",\"url\":\"https:\/\/thewebix.ca\/privacy-policy\/\",\"name\":\"Politique de Confidentialit\u00e9 de The Webix - Thewebix | Conception web | SEO | Marketing | Rive sud de Montr\u00e9al\",\"isPartOf\":{\"@id\":\"https:\/\/thewebix.ca\/#website\"},\"datePublished\":\"2024-07-15T14:33:55+00:00\",\"dateModified\":\"2025-09-03T20:34:10+00:00\",\"description\":\"TheWebix offre des services de conception de sites web professionnels, marketing digital, SEO et h\u00e9bergement. Transformez votre pr\u00e9sence en ligne avec des solutions personnalis\u00e9es et abordables. Contactez-nous d\u00e8s aujourd'hui pour un devis gratuit !\",\"breadcrumb\":{\"@id\":\"https:\/\/thewebix.ca\/privacy-policy\/#breadcrumb\"},\"inLanguage\":\"en-CA\",\"potentialAction\":[{\"@type\":\"ReadAction\",\"target\":[\"https:\/\/thewebix.ca\/privacy-policy\/\"]}]},{\"@type\":\"BreadcrumbList\",\"@id\":\"https:\/\/thewebix.ca\/privacy-policy\/#breadcrumb\",\"itemListElement\":[{\"@type\":\"ListItem\",\"position\":1,\"name\":\"Accueil\",\"item\":\"https:\/\/thewebix.ca\/\"},{\"@type\":\"ListItem\",\"position\":2,\"name\":\"Politique de Confidentialit\u00e9 de The Webix\"}]},{\"@type\":\"WebSite\",\"@id\":\"https:\/\/thewebix.ca\/#website\",\"url\":\"https:\/\/thewebix.ca\/\",\"name\":\"Thewebix | Conception web | SEO | Marketing | Rive sud de Montr\u00e9al\",\"description\":\"Services Web\",\"publisher\":{\"@id\":\"https:\/\/thewebix.ca\/#organization\"},\"alternateName\":\"Services Thewebix inc\",\"potentialAction\":[{\"@type\":\"SearchAction\",\"target\":{\"@type\":\"EntryPoint\",\"urlTemplate\":\"https:\/\/thewebix.ca\/?s={search_term_string}\"},\"query-input\":{\"@type\":\"PropertyValueSpecification\",\"valueRequired\":true,\"valueName\":\"search_term_string\"}}],\"inLanguage\":\"en-CA\"},{\"@type\":\"Organization\",\"@id\":\"https:\/\/thewebix.ca\/#organization\",\"name\":\"Thewebix | Conception web | SEO | Marketing | Rive sud de Montr\u00e9al\",\"url\":\"https:\/\/thewebix.ca\/\",\"logo\":{\"@type\":\"ImageObject\",\"inLanguage\":\"en-CA\",\"@id\":\"https:\/\/thewebix.ca\/#\/schema\/logo\/image\/\",\"url\":\"https:\/\/thewebix.ca\/wp-content\/uploads\/2025\/02\/Rond-jaune-et-bleu.png\",\"contentUrl\":\"https:\/\/thewebix.ca\/wp-content\/uploads\/2025\/02\/Rond-jaune-et-bleu.png\",\"width\":2048,\"height\":2048,\"caption\":\"Thewebix | Conception web | SEO | Marketing | Rive sud de Montr\u00e9al\"},\"image\":{\"@id\":\"https:\/\/thewebix.ca\/#\/schema\/logo\/image\/\"},\"sameAs\":[\"https:\/\/www.facebook.com\/p\/TheWebix-61556770168216\/\"]}]}<\/script>\n<!-- \/ Yoast SEO plugin. -->","yoast_head_json":{"title":"Privacy Policy of The Webix - Thewebix | Web Design | SEO | Marketing | Montreal South Shore","description":"TheWebix offers professional web design, digital marketing, SEO and hosting services. Transform your online presence with customized, affordable solutions. Contact us today for a free quote!","robots":{"index":"index","follow":"follow","max-snippet":"max-snippet:-1","max-image-preview":"max-image-preview:large","max-video-preview":"max-video-preview:-1"},"canonical":"https:\/\/thewebix.ca\/en\/privacy-policy\/","og_locale":"en_US","og_type":"article","og_title":"Politique de Confidentialit\u00e9 de The Webix - Thewebix | Conception web | SEO | Marketing | Rive sud de Montr\u00e9al","og_description":"TheWebix offre des services de conception de sites web professionnels, marketing digital, SEO et h\u00e9bergement. Transformez votre pr\u00e9sence en ligne avec des solutions personnalis\u00e9es et abordables. Contactez-nous d\u00e8s aujourd'hui pour un devis gratuit !","og_url":"https:\/\/thewebix.ca\/en\/privacy-policy\/","og_site_name":"Thewebix | Conception web | SEO | Marketing | Rive sud de Montr\u00e9al","article_publisher":"https:\/\/www.facebook.com\/p\/TheWebix-61556770168216\/","article_modified_time":"2025-09-03T20:34:10+00:00","og_image":[{"width":512,"height":512,"url":"https:\/\/thewebix.ca\/wp-content\/uploads\/2025\/02\/cropped-Rond-jaune-et-bleu.png","type":"image\/png"}],"twitter_card":"summary_large_image","twitter_misc":{"Est. reading time":"3 minutes"},"schema":{"@context":"https:\/\/schema.org","@graph":[{"@type":"WebPage","@id":"https:\/\/thewebix.ca\/privacy-policy\/","url":"https:\/\/thewebix.ca\/privacy-policy\/","name":"Privacy Policy of The Webix - Thewebix | Web Design | SEO | Marketing | Montreal South Shore","isPartOf":{"@id":"https:\/\/thewebix.ca\/#website"},"datePublished":"2024-07-15T14:33:55+00:00","dateModified":"2025-09-03T20:34:10+00:00","description":"TheWebix offers professional web design, digital marketing, SEO and hosting services. Transform your online presence with customized, affordable solutions. Contact us today for a free quote!","breadcrumb":{"@id":"https:\/\/thewebix.ca\/privacy-policy\/#breadcrumb"},"inLanguage":"en-CA","potentialAction":[{"@type":"ReadAction","target":["https:\/\/thewebix.ca\/privacy-policy\/"]}]},{"@type":"BreadcrumbList","@id":"https:\/\/thewebix.ca\/privacy-policy\/#breadcrumb","itemListElement":[{"@type":"ListItem","position":1,"name":"Accueil","item":"https:\/\/thewebix.ca\/"},{"@type":"ListItem","position":2,"name":"Politique de Confidentialit\u00e9 de The Webix"}]},{"@type":"WebSite","@id":"https:\/\/thewebix.ca\/#website","url":"https:\/\/thewebix.ca\/","name":"Thewebix | Web Design | SEO | Marketing | Montreal South Shore","description":"Web Services","publisher":{"@id":"https:\/\/thewebix.ca\/#organization"},"alternateName":"Services Thewebix inc","potentialAction":[{"@type":"SearchAction","target":{"@type":"EntryPoint","urlTemplate":"https:\/\/thewebix.ca\/?s={search_term_string}"},"query-input":{"@type":"PropertyValueSpecification","valueRequired":true,"valueName":"search_term_string"}}],"inLanguage":"en-CA"},{"@type":"Organization","@id":"https:\/\/thewebix.ca\/#organization","name":"Thewebix | Web Design | SEO | Marketing | Montreal South Shore","url":"https:\/\/thewebix.ca\/","logo":{"@type":"ImageObject","inLanguage":"en-CA","@id":"https:\/\/thewebix.ca\/#\/schema\/logo\/image\/","url":"https:\/\/thewebix.ca\/wp-content\/uploads\/2025\/02\/Rond-jaune-et-bleu.png","contentUrl":"https:\/\/thewebix.ca\/wp-content\/uploads\/2025\/02\/Rond-jaune-et-bleu.png","width":2048,"height":2048,"caption":"Thewebix | Conception web | SEO | Marketing | Rive sud de Montr\u00e9al"},"image":{"@id":"https:\/\/thewebix.ca\/#\/schema\/logo\/image\/"},"sameAs":["https:\/\/www.facebook.com\/p\/TheWebix-61556770168216\/"]}]}},"acf":[],"_links":{"self":[{"href":"https:\/\/thewebix.ca\/en\/wp-json\/wp\/v2\/pages\/3","targetHints":{"allow":["GET"]}}],"collection":[{"href":"https:\/\/thewebix.ca\/en\/wp-json\/wp\/v2\/pages"}],"about":[{"href":"https:\/\/thewebix.ca\/en\/wp-json\/wp\/v2\/types\/page"}],"author":[{"embeddable":true,"href":"https:\/\/thewebix.ca\/en\/wp-json\/wp\/v2\/users\/1"}],"replies":[{"embeddable":true,"href":"https:\/\/thewebix.ca\/en\/wp-json\/wp\/v2\/comments?post=3"}],"version-history":[{"count":2,"href":"https:\/\/thewebix.ca\/en\/wp-json\/wp\/v2\/pages\/3\/revisions"}],"predecessor-version":[{"id":8153,"href":"https:\/\/thewebix.ca\/en\/wp-json\/wp\/v2\/pages\/3\/revisions\/8153"}],"wp:attachment":[{"href":"https:\/\/thewebix.ca\/en\/wp-json\/wp\/v2\/media?parent=3"}],"curies":[{"name":"wp","href":"https:\/\/api.w.org\/{rel}","templated":true}]}}