{"id":41,"date":"2023-07-18T07:35:00","date_gmt":"2023-07-18T07:35:00","guid":{"rendered":"https:\/\/demosites.royal-elementor-addons.com\/digital-seo-marketing-agency-v2\/?page_id=41"},"modified":"2025-07-03T17:07:53","modified_gmt":"2025-07-03T21:07:53","slug":"contact","status":"publish","type":"page","link":"https:\/\/thewebix.ca\/en\/contact\/","title":{"rendered":"Contact"},"content":{"rendered":"<div data-elementor-type=\"wp-page\" data-elementor-id=\"41\" class=\"elementor elementor-41\" data-elementor-post-type=\"page\">\n\t\t\t\t\t\t<section class=\"elementor-section elementor-top-section elementor-element elementor-element-18a1925 elementor-section-boxed elementor-section-height-default elementor-section-height-default wpr-particle-no wpr-jarallax-no wpr-parallax-no wpr-sticky-section-no\" data-id=\"18a1925\" data-element_type=\"section\">\n\t\t\t\t\t\t<div class=\"elementor-container elementor-column-gap-default\">\n\t\t\t\t\t<div class=\"elementor-column elementor-col-50 elementor-top-column elementor-element elementor-element-55ec778 elementor-invisible\" data-id=\"55ec778\" data-element_type=\"column\" data-settings=\"{&quot;animation&quot;:&quot;slideInLeft&quot;}\">\n\t\t\t<div class=\"elementor-widget-wrap elementor-element-populated\">\n\t\t\t\t\t\t<div class=\"elementor-element elementor-element-d12a6b6 elementor-widget elementor-widget-spacer\" data-id=\"d12a6b6\" data-element_type=\"widget\" data-widget_type=\"spacer.default\">\n\t\t\t\t<div class=\"elementor-widget-container\">\n\t\t\t\t\t\t\t<div class=\"elementor-spacer\">\n\t\t\t<div class=\"elementor-spacer-inner\"><\/div>\n\t\t<\/div>\n\t\t\t\t\t\t<\/div>\n\t\t\t\t<\/div>\n\t\t\t\t<div class=\"elementor-element elementor-element-7e17f06 elementor-widget elementor-widget-heading\" data-id=\"7e17f06\" data-element_type=\"widget\" data-widget_type=\"heading.default\">\n\t\t\t\t<div class=\"elementor-widget-container\">\n\t\t\t\t\t<h2 class=\"elementor-heading-title elementor-size-default\">Services thewebix inc.<\/h2>\t\t\t\t<\/div>\n\t\t\t\t<\/div>\n\t\t\t\t<div class=\"elementor-element elementor-element-d0fdebf elementor-widget elementor-widget-heading\" data-id=\"d0fdebf\" data-element_type=\"widget\" data-widget_type=\"heading.default\">\n\t\t\t\t<div class=\"elementor-widget-container\">\n\t\t\t\t\t<h2 class=\"elementor-heading-title elementor-size-default\">Demystify the world of the Web<\/h2>\t\t\t\t<\/div>\n\t\t\t\t<\/div>\n\t\t\t\t<div class=\"elementor-element elementor-element-339e0f3 elementor-widget elementor-widget-text-editor\" data-id=\"339e0f3\" data-element_type=\"widget\" data-widget_type=\"text-editor.default\">\n\t\t\t\t<div class=\"elementor-widget-container\">\n\t\t\t\t\t\t\t\t\t<p>Contact us for a quote or to get more information about our services.<\/p>\t\t\t\t\t\t\t\t<\/div>\n\t\t\t\t<\/div>\n\t\t\t\t<div class=\"elementor-element elementor-element-c3d05cc elementor-position-left elementor-vertical-align-middle elementor-view-default elementor-mobile-position-top elementor-widget elementor-widget-icon-box\" data-id=\"c3d05cc\" data-element_type=\"widget\" data-widget_type=\"icon-box.default\">\n\t\t\t\t<div class=\"elementor-widget-container\">\n\t\t\t\t\t\t\t<div class=\"elementor-icon-box-wrapper\">\n\n\t\t\t\t\t\t<div class=\"elementor-icon-box-icon\">\n\t\t\t\t<span  class=\"elementor-icon\">\n\t\t\t\t<svg aria-hidden=\"true\" class=\"e-font-icon-svg e-fas-phone-alt\" viewbox=\"0 0 512 512\" xmlns=\"http:\/\/www.w3.org\/2000\/svg\"><path d=\"M497.39 361.8l-112-48a24 24 0 0 0-28 6.9l-49.6 60.6A370.66 370.66 0 0 1 130.6 204.11l60.6-49.6a23.94 23.94 0 0 0 6.9-28l-48-112A24.16 24.16 0 0 0 122.6.61l-104 24A24 24 0 0 0 0 48c0 256.5 207.9 464 464 464a24 24 0 0 0 23.4-18.6l24-104a24.29 24.29 0 0 0-14.01-27.6z\"><\/path><\/svg>\t\t\t\t<\/span>\n\t\t\t<\/div>\n\t\t\t\n\t\t\t\t\t\t<div class=\"elementor-icon-box-content\">\n\n\t\t\t\t\t\t\t\t\t<h3 class=\"elementor-icon-box-title\">\n\t\t\t\t\t\t<span  >\n\t\t\t\t\t\t\tPhone\t\t\t\t\t\t<\/span>\n\t\t\t\t\t<\/h3>\n\t\t\t\t\n\t\t\t\t\t\t\t\t\t<p class=\"elementor-icon-box-description\">\n\t\t\t\t\t\t+1 (450) 300-6119\t\t\t\t\t<\/p>\n\t\t\t\t\n\t\t\t<\/div>\n\t\t\t\n\t\t<\/div>\n\t\t\t\t\t\t<\/div>\n\t\t\t\t<\/div>\n\t\t\t\t<div class=\"elementor-element elementor-element-b90ebd2 elementor-position-left elementor-vertical-align-middle elementor-view-default elementor-mobile-position-top elementor-widget elementor-widget-icon-box\" data-id=\"b90ebd2\" data-element_type=\"widget\" data-widget_type=\"icon-box.default\">\n\t\t\t\t<div class=\"elementor-widget-container\">\n\t\t\t\t\t\t\t<div class=\"elementor-icon-box-wrapper\">\n\n\t\t\t\t\t\t<div class=\"elementor-icon-box-icon\">\n\t\t\t\t<span  class=\"elementor-icon\">\n\t\t\t\t<svg aria-hidden=\"true\" class=\"e-font-icon-svg e-fas-envelope\" viewbox=\"0 0 512 512\" xmlns=\"http:\/\/www.w3.org\/2000\/svg\"><path d=\"M502.3 190.8c3.9-3.1 9.7-.2 9.7 4.7V400c0 26.5-21.5 48-48 48H48c-26.5 0-48-21.5-48-48V195.6c0-5 5.7-7.8 9.7-4.7 22.4 17.4 52.1 39.5 154.1 113.6 21.1 15.4 56.7 47.8 92.2 47.6 35.7.3 72-32.8 92.3-47.6 102-74.1 131.6-96.3 154-113.7zM256 320c23.2.4 56.6-29.2 73.4-41.4 132.7-96.3 142.8-104.7 173.4-128.7 5.8-4.5 9.2-11.5 9.2-18.9v-19c0-26.5-21.5-48-48-48H48C21.5 64 0 85.5 0 112v19c0 7.4 3.4 14.3 9.2 18.9 30.6 23.9 40.7 32.4 173.4 128.7 16.8 12.2 50.2 41.8 73.4 41.4z\"><\/path><\/svg>\t\t\t\t<\/span>\n\t\t\t<\/div>\n\t\t\t\n\t\t\t\t\t\t<div class=\"elementor-icon-box-content\">\n\n\t\t\t\t\t\t\t\t\t<h3 class=\"elementor-icon-box-title\">\n\t\t\t\t\t\t<span  >\n\t\t\t\t\t\t\tEmail\t\t\t\t\t\t<\/span>\n\t\t\t\t\t<\/h3>\n\t\t\t\t\n\t\t\t\t\t\t\t\t\t<p class=\"elementor-icon-box-description\">\n\t\t\t\t\t\tinfo@thewebix.ca\t\t\t\t\t<\/p>\n\t\t\t\t\n\t\t\t<\/div>\n\t\t\t\n\t\t<\/div>\n\t\t\t\t\t\t<\/div>\n\t\t\t\t<\/div>\n\t\t\t\t<div class=\"elementor-element elementor-element-d6b280a elementor-position-left elementor-vertical-align-middle elementor-widget elementor-widget-image-box\" data-id=\"d6b280a\" data-element_type=\"widget\" data-widget_type=\"image-box.default\">\n\t\t\t\t<div class=\"elementor-widget-container\">\n\t\t\t\t\t<div class=\"elementor-image-box-wrapper\"><figure class=\"elementor-image-box-img\"><img decoding=\"async\" width=\"206\" height=\"206\" src=\"https:\/\/thewebix.ca\/wp-content\/uploads\/2023\/07\/pic-3.png\" class=\"attachment-full size-full wp-image-680\" alt=\"\" srcset=\"https:\/\/thewebix.ca\/wp-content\/uploads\/2023\/07\/pic-3.png 206w, https:\/\/thewebix.ca\/wp-content\/uploads\/2023\/07\/pic-3-100x100.png 100w, https:\/\/thewebix.ca\/wp-content\/uploads\/2023\/07\/pic-3-150x150.png 150w\" sizes=\"(max-width: 206px) 100vw, 206px\" \/><\/figure><div class=\"elementor-image-box-content\"><h3 class=\"elementor-image-box-title\">1290 Rolland-Therrien Boulevard, <br> Longueuil, Quebec, J4J 5H4<\/h3><\/div><\/div>\t\t\t\t<\/div>\n\t\t\t\t<\/div>\n\t\t\t\t\t<\/div>\n\t\t<\/div>\n\t\t\t\t<div class=\"elementor-column elementor-col-50 elementor-top-column elementor-element elementor-element-8839164 elementor-invisible\" data-id=\"8839164\" data-element_type=\"column\" data-settings=\"{&quot;animation&quot;:&quot;slideInRight&quot;}\">\n\t\t\t<div class=\"elementor-widget-wrap elementor-element-populated\">\n\t\t\t\t\t\t<div class=\"elementor-element elementor-element-c86c392 elementor-widget elementor-widget-html\" data-id=\"c86c392\" data-element_type=\"widget\" data-widget_type=\"html.default\">\n\t\t\t\t<div class=\"elementor-widget-container\">\n\t\t\t\t\t<iframe\r\n  src=\"https:\/\/api.leadconnectorhq.com\/widget\/form\/nEBwLSYfAmzfJgCHV7ak\"\r\n  style=\"width:100%;height:100%;border:none;border-radius:3px\"\r\n  id=\"inline-nEBwLSYfAmzfJgCHV7ak\" \r\n  data-layout=\"{'id':'INLINE'}\"\r\n  data-trigger-type=\"alwaysShow\"\r\n  data-trigger-value=\"\"\r\n  data-activation-type=\"alwaysActivated\"\r\n  data-activation-value=\"\"\r\n  data-deactivation-type=\"neverDeactivate\"\r\n  data-deactivation-value=\"\"\r\n  data-form-name=\"Form 1\"\r\n  data-height=\"684\"\r\n  data-layout-iframe-id=\"inline-nEBwLSYfAmzfJgCHV7ak\"\r\n  data-form-id=\"nEBwLSYfAmzfJgCHV7ak\"\r\n  title=\"Form 1\"\r\n      >\r\n<\/iframe>\r\n<script src=\"https:\/\/link.msgsndr.com\/js\/form_embed.js\"><\/script>\t\t\t\t<\/div>\n\t\t\t\t<\/div>\n\t\t\t\t\t<\/div>\n\t\t<\/div>\n\t\t\t\t\t<\/div>\n\t\t<\/section>\n\t\t\t\t<section class=\"elementor-section elementor-top-section elementor-element elementor-element-8eea941 elementor-section-boxed elementor-section-height-default elementor-section-height-default wpr-particle-no wpr-jarallax-no wpr-parallax-no wpr-sticky-section-no\" data-id=\"8eea941\" data-element_type=\"section\">\n\t\t\t\t\t\t<div class=\"elementor-container elementor-column-gap-default\">\n\t\t\t\t\t<div class=\"elementor-column elementor-col-100 elementor-top-column elementor-element elementor-element-4fc6278\" data-id=\"4fc6278\" data-element_type=\"column\">\n\t\t\t<div class=\"elementor-widget-wrap elementor-element-populated\">\n\t\t\t\t\t\t<div class=\"elementor-element elementor-element-982e4ab elementor-widget elementor-widget-image\" data-id=\"982e4ab\" data-element_type=\"widget\" data-widget_type=\"image.default\">\n\t\t\t\t<div class=\"elementor-widget-container\">\n\t\t\t\t\t\t\t\t\t\t\t\t\t\t\t<img fetchpriority=\"high\" decoding=\"async\" width=\"1204\" height=\"65\" src=\"https:\/\/thewebix.ca\/wp-content\/uploads\/2023\/07\/pic-9.png\" class=\"attachment-full size-full wp-image-1108\" alt=\"\" srcset=\"https:\/\/thewebix.ca\/wp-content\/uploads\/2023\/07\/pic-9.png 1204w, https:\/\/thewebix.ca\/wp-content\/uploads\/2023\/07\/pic-9-600x32.png 600w, https:\/\/thewebix.ca\/wp-content\/uploads\/2023\/07\/pic-9-300x16.png 300w, https:\/\/thewebix.ca\/wp-content\/uploads\/2023\/07\/pic-9-1024x55.png 1024w, https:\/\/thewebix.ca\/wp-content\/uploads\/2023\/07\/pic-9-768x41.png 768w\" sizes=\"(max-width: 1204px) 100vw, 1204px\" \/>\t\t\t\t\t\t\t\t\t\t\t\t\t\t\t<\/div>\n\t\t\t\t<\/div>\n\t\t\t\t\t<\/div>\n\t\t<\/div>\n\t\t\t\t\t<\/div>\n\t\t<\/section>\n\t\t\t\t<\/div>","protected":false},"excerpt":{"rendered":"<p>Services thewebix inc. Demystify the world of the Web Contact us for a quote or for more information about our services Phone +1 (450) 300-6119 Email info@thewebix.ca 1290 boulevard Rolland-Therrien, Longueuil, Qu\u00e9bec, J4J 5H4<\/p>","protected":false},"author":1,"featured_media":0,"parent":0,"menu_order":0,"comment_status":"closed","ping_status":"closed","template":"elementor_canvas","meta":{"footnotes":""},"class_list":["post-41","page","type-page","status-publish","hentry"],"yoast_head":"<!-- This site is optimized with the Yoast SEO plugin v25.5 - https:\/\/yoast.com\/wordpress\/plugins\/seo\/ -->\n<title>Contact - Thewebix | Conception web | SEO | Marketing | Rive sud de Montr\u00e9al<\/title>\n<meta name=\"description\" content=\"TheWebix offre des services de conception de sites web professionnels, marketing digital, SEO et h\u00e9bergement. Transformez votre pr\u00e9sence en ligne avec des solutions personnalis\u00e9es et abordables. Contactez-nous d\u00e8s aujourd&#039;hui pour un devis gratuit !\" \/>\n<meta name=\"robots\" content=\"index, follow, max-snippet:-1, max-image-preview:large, max-video-preview:-1\" \/>\n<link rel=\"canonical\" href=\"https:\/\/thewebix.ca\/en\/contact\/\" \/>\n<meta property=\"og:locale\" content=\"en_US\" \/>\n<meta property=\"og:type\" content=\"article\" \/>\n<meta property=\"og:title\" content=\"Contact - Thewebix | Conception web | SEO | Marketing | Rive sud de Montr\u00e9al\" \/>\n<meta property=\"og:description\" content=\"TheWebix offre des services de conception de sites web professionnels, marketing digital, SEO et h\u00e9bergement. Transformez votre pr\u00e9sence en ligne avec des solutions personnalis\u00e9es et abordables. Contactez-nous d\u00e8s aujourd&#039;hui pour un devis gratuit !\" \/>\n<meta property=\"og:url\" content=\"https:\/\/thewebix.ca\/en\/contact\/\" \/>\n<meta property=\"og:site_name\" content=\"Thewebix | Conception web | SEO | Marketing | Rive sud de Montr\u00e9al\" \/>\n<meta property=\"article:publisher\" content=\"https:\/\/www.facebook.com\/p\/TheWebix-61556770168216\/\" \/>\n<meta property=\"article:modified_time\" content=\"2025-07-03T21:07:53+00:00\" \/>\n<meta property=\"og:image\" content=\"https:\/\/thewebix.ca\/wp-content\/uploads\/2023\/07\/pic-3.png\" \/>\n\t<meta property=\"og:image:width\" content=\"206\" \/>\n\t<meta property=\"og:image:height\" content=\"206\" \/>\n\t<meta property=\"og:image:type\" content=\"image\/png\" \/>\n<meta name=\"twitter:card\" content=\"summary_large_image\" \/>\n<meta name=\"twitter:label1\" content=\"Est. reading time\" \/>\n\t<meta name=\"twitter:data1\" content=\"1 minute\" \/>\n<script type=\"application\/ld+json\" class=\"yoast-schema-graph\">{\"@context\":\"https:\/\/schema.org\",\"@graph\":[{\"@type\":\"WebPage\",\"@id\":\"https:\/\/thewebix.ca\/contact\/\",\"url\":\"https:\/\/thewebix.ca\/contact\/\",\"name\":\"Contact - Thewebix | Conception web | SEO | Marketing | Rive sud de Montr\u00e9al\",\"isPartOf\":{\"@id\":\"https:\/\/thewebix.ca\/#website\"},\"primaryImageOfPage\":{\"@id\":\"https:\/\/thewebix.ca\/contact\/#primaryimage\"},\"image\":{\"@id\":\"https:\/\/thewebix.ca\/contact\/#primaryimage\"},\"thumbnailUrl\":\"https:\/\/thewebix.ca\/wp-content\/uploads\/2023\/07\/pic-3.png\",\"datePublished\":\"2023-07-18T07:35:00+00:00\",\"dateModified\":\"2025-07-03T21:07:53+00:00\",\"description\":\"TheWebix offre des services de conception de sites web professionnels, marketing digital, SEO et h\u00e9bergement. Transformez votre pr\u00e9sence en ligne avec des solutions personnalis\u00e9es et abordables. Contactez-nous d\u00e8s aujourd'hui pour un devis gratuit !\",\"breadcrumb\":{\"@id\":\"https:\/\/thewebix.ca\/contact\/#breadcrumb\"},\"inLanguage\":\"en-CA\",\"potentialAction\":[{\"@type\":\"ReadAction\",\"target\":[\"https:\/\/thewebix.ca\/contact\/\"]}]},{\"@type\":\"ImageObject\",\"inLanguage\":\"en-CA\",\"@id\":\"https:\/\/thewebix.ca\/contact\/#primaryimage\",\"url\":\"https:\/\/thewebix.ca\/wp-content\/uploads\/2023\/07\/pic-3.png\",\"contentUrl\":\"https:\/\/thewebix.ca\/wp-content\/uploads\/2023\/07\/pic-3.png\"},{\"@type\":\"BreadcrumbList\",\"@id\":\"https:\/\/thewebix.ca\/contact\/#breadcrumb\",\"itemListElement\":[{\"@type\":\"ListItem\",\"position\":1,\"name\":\"Accueil\",\"item\":\"https:\/\/thewebix.ca\/\"},{\"@type\":\"ListItem\",\"position\":2,\"name\":\"Contact\"}]},{\"@type\":\"WebSite\",\"@id\":\"https:\/\/thewebix.ca\/#website\",\"url\":\"https:\/\/thewebix.ca\/\",\"name\":\"Thewebix | Conception web | SEO | Marketing | Rive sud de Montr\u00e9al\",\"description\":\"Services Web\",\"publisher\":{\"@id\":\"https:\/\/thewebix.ca\/#organization\"},\"alternateName\":\"Services Thewebix inc\",\"potentialAction\":[{\"@type\":\"SearchAction\",\"target\":{\"@type\":\"EntryPoint\",\"urlTemplate\":\"https:\/\/thewebix.ca\/?s={search_term_string}\"},\"query-input\":{\"@type\":\"PropertyValueSpecification\",\"valueRequired\":true,\"valueName\":\"search_term_string\"}}],\"inLanguage\":\"en-CA\"},{\"@type\":\"Organization\",\"@id\":\"https:\/\/thewebix.ca\/#organization\",\"name\":\"Thewebix | Conception web | SEO | Marketing | Rive sud de Montr\u00e9al\",\"url\":\"https:\/\/thewebix.ca\/\",\"logo\":{\"@type\":\"ImageObject\",\"inLanguage\":\"en-CA\",\"@id\":\"https:\/\/thewebix.ca\/#\/schema\/logo\/image\/\",\"url\":\"https:\/\/thewebix.ca\/wp-content\/uploads\/2025\/02\/Rond-jaune-et-bleu.png\",\"contentUrl\":\"https:\/\/thewebix.ca\/wp-content\/uploads\/2025\/02\/Rond-jaune-et-bleu.png\",\"width\":2048,\"height\":2048,\"caption\":\"Thewebix | Conception web | SEO | Marketing | Rive sud de Montr\u00e9al\"},\"image\":{\"@id\":\"https:\/\/thewebix.ca\/#\/schema\/logo\/image\/\"},\"sameAs\":[\"https:\/\/www.facebook.com\/p\/TheWebix-61556770168216\/\"]}]}<\/script>\n<!-- \/ Yoast SEO plugin. -->","yoast_head_json":{"title":"Contact - Thewebix | Web Design | SEO | Marketing | Montreal South Shore","description":"TheWebix offers professional web design, digital marketing, SEO and hosting services. Transform your online presence with customized, affordable solutions. Contact us today for a free quote!","robots":{"index":"index","follow":"follow","max-snippet":"max-snippet:-1","max-image-preview":"max-image-preview:large","max-video-preview":"max-video-preview:-1"},"canonical":"https:\/\/thewebix.ca\/en\/contact\/","og_locale":"en_US","og_type":"article","og_title":"Contact - Thewebix | Conception web | SEO | Marketing | Rive sud de Montr\u00e9al","og_description":"TheWebix offre des services de conception de sites web professionnels, marketing digital, SEO et h\u00e9bergement. Transformez votre pr\u00e9sence en ligne avec des solutions personnalis\u00e9es et abordables. Contactez-nous d\u00e8s aujourd'hui pour un devis gratuit !","og_url":"https:\/\/thewebix.ca\/en\/contact\/","og_site_name":"Thewebix | Conception web | SEO | Marketing | Rive sud de Montr\u00e9al","article_publisher":"https:\/\/www.facebook.com\/p\/TheWebix-61556770168216\/","article_modified_time":"2025-07-03T21:07:53+00:00","og_image":[{"width":206,"height":206,"url":"https:\/\/thewebix.ca\/wp-content\/uploads\/2023\/07\/pic-3.png","type":"image\/png"}],"twitter_card":"summary_large_image","twitter_misc":{"Est. reading time":"1 minute"},"schema":{"@context":"https:\/\/schema.org","@graph":[{"@type":"WebPage","@id":"https:\/\/thewebix.ca\/contact\/","url":"https:\/\/thewebix.ca\/contact\/","name":"Contact - Thewebix | Web Design | SEO | Marketing | Montreal South Shore","isPartOf":{"@id":"https:\/\/thewebix.ca\/#website"},"primaryImageOfPage":{"@id":"https:\/\/thewebix.ca\/contact\/#primaryimage"},"image":{"@id":"https:\/\/thewebix.ca\/contact\/#primaryimage"},"thumbnailUrl":"https:\/\/thewebix.ca\/wp-content\/uploads\/2023\/07\/pic-3.png","datePublished":"2023-07-18T07:35:00+00:00","dateModified":"2025-07-03T21:07:53+00:00","description":"TheWebix offers professional web design, digital marketing, SEO and hosting services. Transform your online presence with customized, affordable solutions. Contact us today for a free quote!","breadcrumb":{"@id":"https:\/\/thewebix.ca\/contact\/#breadcrumb"},"inLanguage":"en-CA","potentialAction":[{"@type":"ReadAction","target":["https:\/\/thewebix.ca\/contact\/"]}]},{"@type":"ImageObject","inLanguage":"en-CA","@id":"https:\/\/thewebix.ca\/contact\/#primaryimage","url":"https:\/\/thewebix.ca\/wp-content\/uploads\/2023\/07\/pic-3.png","contentUrl":"https:\/\/thewebix.ca\/wp-content\/uploads\/2023\/07\/pic-3.png"},{"@type":"BreadcrumbList","@id":"https:\/\/thewebix.ca\/contact\/#breadcrumb","itemListElement":[{"@type":"ListItem","position":1,"name":"Accueil","item":"https:\/\/thewebix.ca\/"},{"@type":"ListItem","position":2,"name":"Contact"}]},{"@type":"WebSite","@id":"https:\/\/thewebix.ca\/#website","url":"https:\/\/thewebix.ca\/","name":"Thewebix | Web Design | SEO | Marketing | Montreal South Shore","description":"Web Services","publisher":{"@id":"https:\/\/thewebix.ca\/#organization"},"alternateName":"Services Thewebix inc","potentialAction":[{"@type":"SearchAction","target":{"@type":"EntryPoint","urlTemplate":"https:\/\/thewebix.ca\/?s={search_term_string}"},"query-input":{"@type":"PropertyValueSpecification","valueRequired":true,"valueName":"search_term_string"}}],"inLanguage":"en-CA"},{"@type":"Organization","@id":"https:\/\/thewebix.ca\/#organization","name":"Thewebix | Web Design | SEO | Marketing | Montreal South Shore","url":"https:\/\/thewebix.ca\/","logo":{"@type":"ImageObject","inLanguage":"en-CA","@id":"https:\/\/thewebix.ca\/#\/schema\/logo\/image\/","url":"https:\/\/thewebix.ca\/wp-content\/uploads\/2025\/02\/Rond-jaune-et-bleu.png","contentUrl":"https:\/\/thewebix.ca\/wp-content\/uploads\/2025\/02\/Rond-jaune-et-bleu.png","width":2048,"height":2048,"caption":"Thewebix | Conception web | SEO | Marketing | Rive sud de Montr\u00e9al"},"image":{"@id":"https:\/\/thewebix.ca\/#\/schema\/logo\/image\/"},"sameAs":["https:\/\/www.facebook.com\/p\/TheWebix-61556770168216\/"]}]}},"acf":[],"_links":{"self":[{"href":"https:\/\/thewebix.ca\/en\/wp-json\/wp\/v2\/pages\/41","targetHints":{"allow":["GET"]}}],"collection":[{"href":"https:\/\/thewebix.ca\/en\/wp-json\/wp\/v2\/pages"}],"about":[{"href":"https:\/\/thewebix.ca\/en\/wp-json\/wp\/v2\/types\/page"}],"author":[{"embeddable":true,"href":"https:\/\/thewebix.ca\/en\/wp-json\/wp\/v2\/users\/1"}],"replies":[{"embeddable":true,"href":"https:\/\/thewebix.ca\/en\/wp-json\/wp\/v2\/comments?post=41"}],"version-history":[{"count":0,"href":"https:\/\/thewebix.ca\/en\/wp-json\/wp\/v2\/pages\/41\/revisions"}],"wp:attachment":[{"href":"https:\/\/thewebix.ca\/en\/wp-json\/wp\/v2\/media?parent=41"}],"curies":[{"name":"wp","href":"https:\/\/api.w.org\/{rel}","templated":true}]}}