{"id":8167,"date":"2025-09-25T16:06:20","date_gmt":"2025-09-25T20:06:20","guid":{"rendered":"https:\/\/thewebix.ca\/?page_id=8167"},"modified":"2025-09-25T16:11:19","modified_gmt":"2025-09-25T20:11:19","slug":"terms-and-conditions-of-services-thewebix-inc-video","status":"publish","type":"page","link":"https:\/\/thewebix.ca\/en\/terms-and-conditions-of-services-thewebix-inc-video\/","title":{"rendered":"Terms and Conditions - Video Production Service"},"content":{"rendered":"<p><strong>Services TheWebix Inc.<\/strong><\/p>\n\n\n\n<p><strong>Services Thewebix inc.<\/strong><strong><br><\/strong> (Applicable jurisdiction: Quebec, Canada)<\/p>\n\n\n\n<p>These terms and conditions apply exclusively to the video production services offered by Services Thewebix inc. and are in addition to the terms and conditions set forth herein.<a href=\"https:\/\/thewebix.ca\/en\/terms-and-conditions-of-services-thewebix-inc\/\"> terms and conditions<\/a> of the company. In the event of contradiction, the present provisions specific to the video service shall prevail.<\/p>\n\n\n\n<h2 class=\"wp-block-heading\"><strong>1. Scope of services<\/strong><\/h2>\n\n\n\n<p>Services Thewebix inc. provides a one-time or recurring video production service, including pre-production, shooting, relocation, supply of equipment and post-production (editing).<\/p>\n\n\n\n<h2 class=\"wp-block-heading\"><strong>2. Deliverables<\/strong><\/h2>\n\n\n\n<p>The deliverables consist exclusively of the final edited videos.<br>Raw content (rushes) will not be returned to the customer, unless a separate written agreement has been made for an additional fee.<br>One (1) review is included per video. Each additional review is billed at <strong>100 $\/hour<\/strong>.<\/p>\n\n\n\n<h2 class=\"wp-block-heading\"><strong>3. Delivery times<\/strong><\/h2>\n\n\n\n<p>Production and delivery times are established on a project-by-project basis.<br>Services Thewebix inc. is not responsible for delays caused by the customer, particularly in the case of late delivery of materials, authorizations or validations.<\/p>\n\n\n\n<h2 class=\"wp-block-heading\"><strong>4. Payments<\/strong><\/h2>\n\n\n\n<h3 class=\"wp-block-heading\"><strong>a) One-off service<\/strong><\/h3>\n\n\n\n<p>50 % of the total amount is required on signature of the contract, as a non-refundable deposit.<br>Balance of 50 % to be paid <strong>before handing over the final videos<\/strong>.<\/p>\n\n\n\n<h3 class=\"wp-block-heading\"><strong>b) Recurring service<\/strong><\/h3>\n\n\n\n<p>Payment in full for the month is due <strong>before the beginning of each month<\/strong>, on the contract start date.<br>At the end of the initial contract period, rates may be revised under a new agreement.<\/p>\n\n\n\n<h2 class=\"wp-block-heading\"><strong>5. Cancellation and postponement<\/strong><\/h2>\n\n\n\n<p>Any cancellation after signature will result in the loss of the 50 % deposit.<br>In the event of postponement or cancellation of a shoot, prior notice of <strong>72 hours<\/strong> is required. Otherwise, a fee equivalent to <strong>3 hours per planned resource<\/strong> will be charged at the rate of <strong>100 $\/h<\/strong>.<br>If, during filming, it is impossible to capture certain scenes due to a failure on the part of the customer (e.g.: unavailable tools, locations or people), Services Thewebix inc. will nevertheless proceed with the capture of the number of capsules stipulated in the contract.<br>If the customer wishes to reshoot to capture the missing content, a new quote will be provided. Alternatively, they can pay the cancellation fee and schedule a reschedule.<\/p>\n\n\n\n<h2 class=\"wp-block-heading\"><strong>6. Customer's obligations<\/strong><\/h2>\n\n\n\n<p>The customer must obtain all necessary authorizations for filming (locations, actors, music, etc.), unless these elements are expressly provided by Services Thewebix inc.<br>Any delay or hindrance caused by the customer will incur additional charges in accordance with the terms and conditions set out in article 5.<\/p>\n\n\n\n<h2 class=\"wp-block-heading\"><strong>7. Intellectual property<\/strong><\/h2>\n\n\n\n<p>Copyrights on all videos produced remain the exclusive property of Services Thewebix inc.<br>The customer is granted a <strong>non-exclusive and non-transferable license<\/strong>, subject to full payment for services.<\/p>\n\n\n\n<p>Unless otherwise specified in writing, Services Thewebix inc. reserves the right to use the productions in its portfolio, on its website and on its social networks.<\/p>\n\n\n\n<h2 class=\"wp-block-heading\"><strong>8. Limitation of liability<\/strong><\/h2>\n\n\n\n<p>The liability of Services Thewebix inc. is limited to the total amount paid by the customer for the project concerned.<br>Services Thewebix inc. offers no guarantee as to the commercial, advertising or visibility results of the videos produced.<\/p>\n\n\n\n<h2 class=\"wp-block-heading\"><strong>9. Force majeure<\/strong><\/h2>\n\n\n\n<p>Neither party shall be liable for any delay or failure to perform due to force majeure (e.g., inclement weather, pandemic, strike, illness, major breakdown, etc.). In such cases, schedules will be adjusted in good faith.<\/p>\n\n\n\n<h2 class=\"wp-block-heading\"><strong>10. Cancellation<\/strong><\/h2>\n\n\n\n<p>The customer may terminate a recurring contract by giving written notice of <strong>30 days<\/strong>.<br>In this case, the customer remains liable to pay :<\/p>\n\n\n\n<ul class=\"wp-block-list\">\n<li>all services already rendered<br><\/li>\n\n\n\n<li>reasonable compensation of up to <strong>25 % of remaining contract amount<\/strong><strong><br><\/strong> No refunds will be given for payments already made.<br><\/li>\n<\/ul>\n\n\n\n<h2 class=\"wp-block-heading\"><strong>11. Reference to general terms and conditions<\/strong><\/h2>\n\n\n\n<p>These provisions are in addition to <strong>terms and conditions of services of Services Thewebix inc.<\/strong>, available at the following address<br><a href=\"https:\/\/thewebix.ca\/en\/terms-and-conditions-of-services-thewebix-inc\/\">https:\/\/thewebix.ca\/termes-et-conditions-de-services-thewebix-inc\/<\/a><\/p>\n\n\n\n<p><\/p>\n\n\n\n<p><\/p>","protected":false},"excerpt":{"rendered":"<p>Services TheWebix Inc. Services Thewebix Inc. (Applicable Jurisdiction: Quebec, Canada) These terms and conditions apply exclusively to the video production services offered by Services Thewebix Inc. They supplement the company's general terms and conditions. In the event of contradiction, these provisions specific to the video service shall prevail. 1. Scope of services Services Thewebix inc. provides a one-time or recurring video production service, including pre-production, shooting, relocation, supply of equipment and post-production (editing). 2. Deliverables The deliverables consist exclusively of the final edited videos.raw content (rushes) is not given to the customer, unless a separate written agreement has been made providing for additional charges.one (1) revision is included per video. Additional editing is billed at 100 $\/hour. 3. Delivery deadlines Production and delivery deadlines are established on a project-by-project basis.Thewebix Services Inc. is not responsible for delays caused by the customer, particularly in the event of late delivery of material, authorizations or approvals. 4. Payments a) One-off service 50 % of the total amount is required on signature of the contract, as a non-refundable deposit.50 % balance must be paid before delivery of the final videos. b) Recurring service Payment in full for the month is due before the beginning of each month, on the contract start date.At the end of the initial contract period, rates may be revised under a new agreement. 5. Cancellations and postponements Cancellations after signature will result in forfeiture of the 50 % deposit. 72 hours' notice is required for postponements or cancellations. Failing this, a fee equivalent to 3 hours per scheduled resource will be invoiced at the rate of 100 $\/h.If, during filming, it is impossible to capture certain scenes due to a failure on the part of the customer (e.g.: tools, locations or people unavailable), Services Thewebix inc. will nevertheless proceed with the filming of the number of vignettes stipulated in the contract.If the customer wishes a new shoot to capture the missing content, a new quote will be submitted. Alternatively, the customer may pay the cancellation fee and schedule a reschedule. 6. Customer's obligations The customer is responsible for obtaining all necessary authorizations for filming (locations, actors, music, etc.), unless these elements are expressly provided by Services Thewebix inc.Any delay or impediment caused by the customer will result in additional charges in accordance with the terms and conditions set out in article 5. 7. Intellectual property The copyright on all videos produced remains the exclusive property of Services Thewebix inc.The customer is granted a non-exclusive, non-transferable license to use them, subject to full payment for services. Unless otherwise specified in writing, Services Thewebix inc. reserves the right to use the productions in its portfolio, on its website and on its social networks. 8. The liability of Services Thewebix inc. is limited to the total amount paid by the customer for the project concerned. Services Thewebix inc. offers no guarantee as to the commercial, advertising or visibility results of the videos produced. 9. Force majeure Neither party shall be held liable for any delay or failure to perform due to force majeure (e.g., bad weather, pandemic, strike, illness, major breakdown, etc.). In such a case, schedules will be adjusted in good faith. 10. Termination The customer may terminate a recurring contract by giving 30 days' written notice, in which case the customer shall remain liable for payment of: 11. Reference to general terms and conditions These provisions are in addition to the general terms and conditions of service of Thewebix Services Inc. available at the following address: https:\/\/thewebix.ca\/termes-et-conditions-de-services-thewebix-inc\/<\/p>","protected":false},"author":1,"featured_media":0,"parent":0,"menu_order":0,"comment_status":"closed","ping_status":"closed","template":"","meta":{"footnotes":""},"class_list":["post-8167","page","type-page","status-publish","hentry"],"yoast_head":"<!-- This site is optimized with the Yoast SEO plugin v25.5 - https:\/\/yoast.com\/wordpress\/plugins\/seo\/ -->\n<title>Termes et Conditions \u2013 Service de production vid\u00e9o - Thewebix | Conception web | SEO | Marketing | Rive sud de Montr\u00e9al<\/title>\n<meta name=\"description\" content=\"TheWebix offre des services de conception de sites web professionnels, marketing digital, SEO et h\u00e9bergement. Transformez votre pr\u00e9sence en ligne avec des solutions personnalis\u00e9es et abordables. Contactez-nous d\u00e8s aujourd&#039;hui pour un devis gratuit !\" \/>\n<meta name=\"robots\" content=\"index, follow, max-snippet:-1, max-image-preview:large, max-video-preview:-1\" \/>\n<link rel=\"canonical\" href=\"https:\/\/thewebix.ca\/en\/terms-and-conditions-of-services-thewebix-inc-video\/\" \/>\n<meta property=\"og:locale\" content=\"en_US\" \/>\n<meta property=\"og:type\" content=\"article\" \/>\n<meta property=\"og:title\" content=\"Termes et Conditions \u2013 Service de production vid\u00e9o - Thewebix | Conception web | SEO | Marketing | Rive sud de Montr\u00e9al\" \/>\n<meta property=\"og:description\" content=\"TheWebix offre des services de conception de sites web professionnels, marketing digital, SEO et h\u00e9bergement. Transformez votre pr\u00e9sence en ligne avec des solutions personnalis\u00e9es et abordables. Contactez-nous d\u00e8s aujourd&#039;hui pour un devis gratuit !\" \/>\n<meta property=\"og:url\" content=\"https:\/\/thewebix.ca\/en\/terms-and-conditions-of-services-thewebix-inc-video\/\" \/>\n<meta property=\"og:site_name\" content=\"Thewebix | Conception web | SEO | Marketing | Rive sud de Montr\u00e9al\" \/>\n<meta property=\"article:publisher\" content=\"https:\/\/www.facebook.com\/p\/TheWebix-61556770168216\/\" \/>\n<meta property=\"article:modified_time\" content=\"2025-09-25T20:11:19+00:00\" \/>\n<meta property=\"og:image\" content=\"https:\/\/thewebix.ca\/wp-content\/uploads\/2025\/02\/cropped-Rond-jaune-et-bleu.png\" \/>\n\t<meta property=\"og:image:width\" content=\"512\" \/>\n\t<meta property=\"og:image:height\" content=\"512\" \/>\n\t<meta property=\"og:image:type\" content=\"image\/png\" \/>\n<meta name=\"twitter:card\" content=\"summary_large_image\" \/>\n<meta name=\"twitter:label1\" content=\"Est. reading time\" \/>\n\t<meta name=\"twitter:data1\" content=\"4 minutes\" \/>\n<script type=\"application\/ld+json\" class=\"yoast-schema-graph\">{\"@context\":\"https:\/\/schema.org\",\"@graph\":[{\"@type\":\"WebPage\",\"@id\":\"https:\/\/thewebix.ca\/termes-et-conditions-de-services-thewebix-inc-video\/\",\"url\":\"https:\/\/thewebix.ca\/termes-et-conditions-de-services-thewebix-inc-video\/\",\"name\":\"Termes et Conditions \u2013 Service de production vid\u00e9o - Thewebix | Conception web | SEO | Marketing | Rive sud de Montr\u00e9al\",\"isPartOf\":{\"@id\":\"https:\/\/thewebix.ca\/#website\"},\"datePublished\":\"2025-09-25T20:06:20+00:00\",\"dateModified\":\"2025-09-25T20:11:19+00:00\",\"description\":\"TheWebix offre des services de conception de sites web professionnels, marketing digital, SEO et h\u00e9bergement. Transformez votre pr\u00e9sence en ligne avec des solutions personnalis\u00e9es et abordables. Contactez-nous d\u00e8s aujourd'hui pour un devis gratuit !\",\"breadcrumb\":{\"@id\":\"https:\/\/thewebix.ca\/termes-et-conditions-de-services-thewebix-inc-video\/#breadcrumb\"},\"inLanguage\":\"en-CA\",\"potentialAction\":[{\"@type\":\"ReadAction\",\"target\":[\"https:\/\/thewebix.ca\/termes-et-conditions-de-services-thewebix-inc-video\/\"]}]},{\"@type\":\"BreadcrumbList\",\"@id\":\"https:\/\/thewebix.ca\/termes-et-conditions-de-services-thewebix-inc-video\/#breadcrumb\",\"itemListElement\":[{\"@type\":\"ListItem\",\"position\":1,\"name\":\"Accueil\",\"item\":\"https:\/\/thewebix.ca\/\"},{\"@type\":\"ListItem\",\"position\":2,\"name\":\"Termes et Conditions \u2013 Service de production vid\u00e9o\"}]},{\"@type\":\"WebSite\",\"@id\":\"https:\/\/thewebix.ca\/#website\",\"url\":\"https:\/\/thewebix.ca\/\",\"name\":\"Thewebix | Conception web | SEO | Marketing | Rive sud de Montr\u00e9al\",\"description\":\"Services Web\",\"publisher\":{\"@id\":\"https:\/\/thewebix.ca\/#organization\"},\"alternateName\":\"Services Thewebix inc\",\"potentialAction\":[{\"@type\":\"SearchAction\",\"target\":{\"@type\":\"EntryPoint\",\"urlTemplate\":\"https:\/\/thewebix.ca\/?s={search_term_string}\"},\"query-input\":{\"@type\":\"PropertyValueSpecification\",\"valueRequired\":true,\"valueName\":\"search_term_string\"}}],\"inLanguage\":\"en-CA\"},{\"@type\":\"Organization\",\"@id\":\"https:\/\/thewebix.ca\/#organization\",\"name\":\"Thewebix | Conception web | SEO | Marketing | Rive sud de Montr\u00e9al\",\"url\":\"https:\/\/thewebix.ca\/\",\"logo\":{\"@type\":\"ImageObject\",\"inLanguage\":\"en-CA\",\"@id\":\"https:\/\/thewebix.ca\/#\/schema\/logo\/image\/\",\"url\":\"https:\/\/thewebix.ca\/wp-content\/uploads\/2025\/02\/Rond-jaune-et-bleu.png\",\"contentUrl\":\"https:\/\/thewebix.ca\/wp-content\/uploads\/2025\/02\/Rond-jaune-et-bleu.png\",\"width\":2048,\"height\":2048,\"caption\":\"Thewebix | Conception web | SEO | Marketing | Rive sud de Montr\u00e9al\"},\"image\":{\"@id\":\"https:\/\/thewebix.ca\/#\/schema\/logo\/image\/\"},\"sameAs\":[\"https:\/\/www.facebook.com\/p\/TheWebix-61556770168216\/\"]}]}<\/script>\n<!-- \/ Yoast SEO plugin. -->","yoast_head_json":{"title":"Terms and Conditions - Video Production Services - Thewebix | Web Design | SEO | Marketing | Montreal South Shore","description":"TheWebix offers professional web design, digital marketing, SEO and hosting services. Transform your online presence with customized, affordable solutions. Contact us today for a free quote!","robots":{"index":"index","follow":"follow","max-snippet":"max-snippet:-1","max-image-preview":"max-image-preview:large","max-video-preview":"max-video-preview:-1"},"canonical":"https:\/\/thewebix.ca\/en\/terms-and-conditions-of-services-thewebix-inc-video\/","og_locale":"en_US","og_type":"article","og_title":"Termes et Conditions \u2013 Service de production vid\u00e9o - Thewebix | Conception web | SEO | Marketing | Rive sud de Montr\u00e9al","og_description":"TheWebix offre des services de conception de sites web professionnels, marketing digital, SEO et h\u00e9bergement. Transformez votre pr\u00e9sence en ligne avec des solutions personnalis\u00e9es et abordables. Contactez-nous d\u00e8s aujourd'hui pour un devis gratuit !","og_url":"https:\/\/thewebix.ca\/en\/terms-and-conditions-of-services-thewebix-inc-video\/","og_site_name":"Thewebix | Conception web | SEO | Marketing | Rive sud de Montr\u00e9al","article_publisher":"https:\/\/www.facebook.com\/p\/TheWebix-61556770168216\/","article_modified_time":"2025-09-25T20:11:19+00:00","og_image":[{"width":512,"height":512,"url":"https:\/\/thewebix.ca\/wp-content\/uploads\/2025\/02\/cropped-Rond-jaune-et-bleu.png","type":"image\/png"}],"twitter_card":"summary_large_image","twitter_misc":{"Est. reading time":"4 minutes"},"schema":{"@context":"https:\/\/schema.org","@graph":[{"@type":"WebPage","@id":"https:\/\/thewebix.ca\/termes-et-conditions-de-services-thewebix-inc-video\/","url":"https:\/\/thewebix.ca\/termes-et-conditions-de-services-thewebix-inc-video\/","name":"Terms and Conditions - Video Production Services - Thewebix | Web Design | SEO | Marketing | Montreal South Shore","isPartOf":{"@id":"https:\/\/thewebix.ca\/#website"},"datePublished":"2025-09-25T20:06:20+00:00","dateModified":"2025-09-25T20:11:19+00:00","description":"TheWebix offers professional web design, digital marketing, SEO and hosting services. Transform your online presence with customized, affordable solutions. Contact us today for a free quote!","breadcrumb":{"@id":"https:\/\/thewebix.ca\/termes-et-conditions-de-services-thewebix-inc-video\/#breadcrumb"},"inLanguage":"en-CA","potentialAction":[{"@type":"ReadAction","target":["https:\/\/thewebix.ca\/termes-et-conditions-de-services-thewebix-inc-video\/"]}]},{"@type":"BreadcrumbList","@id":"https:\/\/thewebix.ca\/termes-et-conditions-de-services-thewebix-inc-video\/#breadcrumb","itemListElement":[{"@type":"ListItem","position":1,"name":"Accueil","item":"https:\/\/thewebix.ca\/"},{"@type":"ListItem","position":2,"name":"Termes et Conditions \u2013 Service de production vid\u00e9o"}]},{"@type":"WebSite","@id":"https:\/\/thewebix.ca\/#website","url":"https:\/\/thewebix.ca\/","name":"Thewebix | Web Design | SEO | Marketing | Montreal South Shore","description":"Web Services","publisher":{"@id":"https:\/\/thewebix.ca\/#organization"},"alternateName":"Services Thewebix inc","potentialAction":[{"@type":"SearchAction","target":{"@type":"EntryPoint","urlTemplate":"https:\/\/thewebix.ca\/?s={search_term_string}"},"query-input":{"@type":"PropertyValueSpecification","valueRequired":true,"valueName":"search_term_string"}}],"inLanguage":"en-CA"},{"@type":"Organization","@id":"https:\/\/thewebix.ca\/#organization","name":"Thewebix | Web Design | SEO | Marketing | Montreal South Shore","url":"https:\/\/thewebix.ca\/","logo":{"@type":"ImageObject","inLanguage":"en-CA","@id":"https:\/\/thewebix.ca\/#\/schema\/logo\/image\/","url":"https:\/\/thewebix.ca\/wp-content\/uploads\/2025\/02\/Rond-jaune-et-bleu.png","contentUrl":"https:\/\/thewebix.ca\/wp-content\/uploads\/2025\/02\/Rond-jaune-et-bleu.png","width":2048,"height":2048,"caption":"Thewebix | Conception web | SEO | Marketing | Rive sud de Montr\u00e9al"},"image":{"@id":"https:\/\/thewebix.ca\/#\/schema\/logo\/image\/"},"sameAs":["https:\/\/www.facebook.com\/p\/TheWebix-61556770168216\/"]}]}},"acf":[],"_links":{"self":[{"href":"https:\/\/thewebix.ca\/en\/wp-json\/wp\/v2\/pages\/8167","targetHints":{"allow":["GET"]}}],"collection":[{"href":"https:\/\/thewebix.ca\/en\/wp-json\/wp\/v2\/pages"}],"about":[{"href":"https:\/\/thewebix.ca\/en\/wp-json\/wp\/v2\/types\/page"}],"author":[{"embeddable":true,"href":"https:\/\/thewebix.ca\/en\/wp-json\/wp\/v2\/users\/1"}],"replies":[{"embeddable":true,"href":"https:\/\/thewebix.ca\/en\/wp-json\/wp\/v2\/comments?post=8167"}],"version-history":[{"count":1,"href":"https:\/\/thewebix.ca\/en\/wp-json\/wp\/v2\/pages\/8167\/revisions"}],"predecessor-version":[{"id":8168,"href":"https:\/\/thewebix.ca\/en\/wp-json\/wp\/v2\/pages\/8167\/revisions\/8168"}],"wp:attachment":[{"href":"https:\/\/thewebix.ca\/en\/wp-json\/wp\/v2\/media?parent=8167"}],"curies":[{"name":"wp","href":"https:\/\/api.w.org\/{rel}","templated":true}]}}